{"id":15,"date":"2020-07-24T18:15:07","date_gmt":"2020-07-24T18:15:07","guid":{"rendered":"https:\/\/sand1.aureliencharron.ovh\/?page_id=15"},"modified":"2021-02-06T17:14:15","modified_gmt":"2021-02-06T17:14:15","slug":"contact","status":"publish","type":"page","link":"https:\/\/sand1.aureliencharron.ovh\/index.php\/contact\/","title":{"rendered":"Contact"},"content":{"rendered":"<div class=\"fusion-fullwidth fullwidth-box fusion-builder-row-1 fusion-flex-container nonhundred-percent-fullwidth non-hundred-percent-height-scrolling\" style=\"background-color: rgba(255,255,255,0);background-position: center center;background-repeat: no-repeat;border-width: 0px 0px 0px 0px;border-color:#e2e2e2;border-style:solid;\" ><div class=\"fusion-builder-row fusion-row fusion-flex-align-items-flex-start\" style=\"max-width:1443.75px;margin-left: calc(-5% \/ 2 );margin-right: calc(-5% \/ 2 );\"><div class=\"fusion-layout-column fusion_builder_column fusion-builder-column-0 fusion_builder_column_1_3 1_3 fusion-flex-column\"><div class=\"fusion-column-wrapper fusion-flex-justify-content-flex-start fusion-content-layout-column\" style=\"background-position:left top;background-repeat:no-repeat;-webkit-background-size:cover;-moz-background-size:cover;-o-background-size:cover;background-size:cover;padding: 0px 0px 0px 44px;\"><style type=\"text\/css\">@media only screen and (max-width:1024px) {.fusion-title.fusion-title-1{margin-top:10px!important;margin-bottom:40px!important;}}@media only screen and (max-width:740px) {.fusion-title.fusion-title-1{margin-top:10px!important;margin-bottom:10px!important;}}<\/style><div class=\"fusion-title title fusion-title-1 fusion-sep-none fusion-title-center fusion-title-text fusion-title-size-two\" style=\"font-size:32px;margin-top:10px;margin-bottom:40px;\"><h2 class=\"title-heading-center\" style=\"margin:0;font-size:1em;line-height:1.5em;\">Restons en contact<\/h2><\/div><div class=\"fusion-text fusion-text-1\" style=\"text-align:center;transform:translate3d(0,0,0);\"><p>Une question, un doute, un compl\u00e9ments d&rsquo;information.<br \/>\nEnvoyez un mail, je vous r\u00e9pondrais les plus rapidement possible.<\/p>\n<\/div><div class=\"fusion-separator fusion-full-width-sep\" style=\"align-self: center;margin-left: auto;margin-right: auto;margin-bottom:4%;width:100%;\"><\/div><div class=\"fusion-social-links\" style=\"text-align:center\"><div class=\"fusion-social-networks\"><div class=\"fusion-social-networks-wrapper\"><a class=\"fusion-social-network-icon fusion-tooltip fusion-facebook fusion-icon-facebook\" style=\"color:#00b4d8;font-size:25px;\" data-placement=\"right\" data-title=\"Facebook\" data-toggle=\"tooltip\" title=\"Facebook\" aria-label=\"facebook\" target=\"_blank\" rel=\"noopener noreferrer\" href=\"https:\/\/www.facebook.com\/ThemeFusion-101565403356430\/\"><\/a><a class=\"fusion-social-network-icon fusion-tooltip fusion-instagram fusion-icon-instagram\" style=\"color:#00b4d8;font-size:25px;\" data-placement=\"right\" data-title=\"Instagram\" data-toggle=\"tooltip\" title=\"Instagram\" aria-label=\"instagram\" target=\"_blank\" rel=\"noopener noreferrer\" href=\"https:\/\/www.instagram.com\/themefusion\/\"><\/a><\/div><\/div><\/div><\/div><\/div><style type=\"text\/css\">.fusion-body .fusion-builder-column-0{width:33.333333333333% !important;margin-top : 0px;margin-bottom : 20px;}.fusion-builder-column-0 > .fusion-column-wrapper {padding-top : 0px !important;padding-right : 0px !important;margin-right : 6.555%;padding-bottom : 0px !important;padding-left : 44px !important;margin-left : 0%;}@media only screen and (max-width:1024px) {.fusion-body .fusion-builder-column-0{width:100% !important;}.fusion-builder-column-0 > .fusion-column-wrapper {margin-right : 2.375%;margin-left : 2.375%;}}@media only screen and (max-width:740px) {.fusion-body .fusion-builder-column-0{width:100% !important;}.fusion-builder-column-0 > .fusion-column-wrapper {margin-right : 2.375%;margin-left : 2.375%;}}<\/style><div class=\"fusion-layout-column fusion_builder_column fusion-builder-column-1 fusion_builder_column_2_3 2_3 fusion-flex-column\"><div class=\"fusion-column-wrapper fusion-flex-justify-content-flex-start fusion-content-layout-column\" style=\"background-position:left top;background-repeat:no-repeat;-webkit-background-size:cover;-moz-background-size:cover;-o-background-size:cover;background-size:cover;padding: 0px 0px 0px 0px;\"><style>.fusion-form-1771 .fusion-form-tooltip .fusion-form-tooltip-content{color:#ffffff !important;background-color:#333333 !important;border-color:#333333 !important;}.fusion-form-1771 .fusion-form-field{margin-top:15px;margin-bottom:15px;}<\/style><div class=\"fusion-form fusion-form-builder fusion-form-form-wrapper fusion-form-1771\" data-form-id=\"1771\"><form action=\"https:\/\/sand1.aureliencharron.ovh\/index.php\/contact\/\" method=\"method\" class=\"fusion-form fusion-form-1771\"><div class=\"fusion-fullwidth fullwidth-box fusion-builder-row-1-1 fusion-flex-container nonhundred-percent-fullwidth non-hundred-percent-height-scrolling\" style=\"background-color: rgba(255,255,255,0);background-position: center center;background-repeat: no-repeat;border-width: 0px 0px 0px 0px;border-color:#e2e2e2;border-style:solid;\" ><div class=\"fusion-builder-row fusion-row fusion-flex-align-items-flex-start\" style=\"width:103% !important;max-width:103% !important;margin-left: calc(-3% \/ 2 );margin-right: calc(-3% \/ 2 );\"><div class=\"fusion-layout-column fusion_builder_column fusion-builder-column-2 fusion_builder_column_1_1 1_1 fusion-flex-column\"><div class=\"fusion-column-wrapper fusion-flex-justify-content-flex-start fusion-content-layout-column\" style=\"background-position:left top;background-repeat:no-repeat;-webkit-background-size:cover;-moz-background-size:cover;-o-background-size:cover;background-size:cover;padding: 0px 0px 0px 0px;\"><div class=\"fusion-form-field fusion-form-text-field fusion-form-label-above\" data-form-id=\"1771\"><div class=\"fusion-form-label-wrapper\"><label for=\"name\">Votre nom : <abbr class=\"fusion-form-element-required\" title=\"required\">*<\/abbr><\/label><\/div><input type=\"text\" name=\"name\" value=\"\"  class=\"fusion-form-input\" required=\"true\" aria-required=\"true\" data-holds-private-data=\"false\"\/><\/div><div class=\"fusion-form-field fusion-form-email-field fusion-form-label-above\" data-form-id=\"1771\"><div class=\"fusion-form-label-wrapper\"><label for=\"email_address\">E-mail <abbr class=\"fusion-form-element-required\" title=\"required\">*<\/abbr><\/label><\/div><input type=\"email\" name=\"email_address\" value=\"\"  class=\"fusion-form-input\" required=\"true\" aria-required=\"true\" data-holds-private-data=\"false\"\/><\/div><div class=\"fusion-form-field fusion-form-text-field fusion-form-label-above\" data-form-id=\"1771\"><div class=\"fusion-form-label-wrapper\"><label for=\"subject\">Sujet :<\/label><\/div><input type=\"text\" name=\"subject\" value=\"\"  class=\"fusion-form-input\" data-holds-private-data=\"false\"\/><\/div><div class=\"fusion-form-field fusion-form-textarea-field fusion-form-label-above\" data-form-id=\"1771\"><label for=\"message\">Message : <abbr class=\"fusion-form-element-required\" title=\"required\">*<\/abbr><\/label><textarea cols=\"40\" rows=\"4\" tabindex=\"\" id=\"message\" name=\"message\" class=\"fusion-form-input\" required=\"true\" aria-required=\"true\" data-holds-private-data=\"false\"><\/textarea><\/div><div class=\"form-submission-notices\" id=\"fusion-notices-1\"><div class=\"fusion-alert alert success alert-success fusion-alert-center fusion-form-response fusion-form-response-success alert-dismissable\" style=\"background-color:rgba(18,184,120,0.1);color:#12b878;border-color:#12b878;border-width:1px;\"><button type=\"button\" class=\"close toggle-alert\" data-dismiss=\"alert\" aria-hidden=\"true\">&times;<\/button><div class=\"fusion-alert-content-wrapper\"><span class=\"alert-icon\"><i class=\"fa-lg fa fa-check-circle\" aria-hidden=\"true\"><\/i><\/span><span class=\"fusion-alert-content\">Merci pour votre message. Il a bien \u00e9t\u00e9 envoy\u00e9.<\/span><\/div><\/div><div class=\"fusion-alert alert error alert-danger fusion-alert-center fusion-form-response fusion-form-response-error alert-dismissable\" style=\"background-color:rgba(219,75,104,0.1);color:#db4b68;border-color:#db4b68;border-width:1px;\"><button type=\"button\" class=\"close toggle-alert\" data-dismiss=\"alert\" aria-hidden=\"true\">&times;<\/button><div class=\"fusion-alert-content-wrapper\"><span class=\"alert-icon\"><i class=\"fa-lg fa fa-exclamation-triangle\" aria-hidden=\"true\"><\/i><\/span><span class=\"fusion-alert-content\">Il y a eu une erreur lors de l'envoi. Merci de r\u00e9essayer plus tard.<\/span><\/div><\/div><\/div><div class=\"fusion-form-field fusion-form-submit-field fusion-form-label-above\" data-form-id=\"1771\"><div ><style type=\"text\/css\">.fusion-button.button-1 {border-radius:4px;}<\/style><button type=\"submit\" class=\"fusion-button button-flat button-xlarge button-default button-1 fusion-button-default-span  form-form-submit button-default\" data-form-number=\"1771\" tabindex=\"\"><span class=\"fusion-button-text\">Envoi<\/span><\/button><\/div><\/div><\/div><\/div><style type=\"text\/css\">.fusion-body .fusion-builder-column-2{width:100% !important;margin-top : 0px;margin-bottom : 0px;}.fusion-builder-column-2 > .fusion-column-wrapper {padding-top : 0px !important;padding-right : 0px !important;margin-right : 1.455%;padding-bottom : 0px !important;padding-left : 0px !important;margin-left : 1.455%;}@media only screen and (max-width:1024px) {.fusion-body .fusion-builder-column-2{width:100% !important;order : 0;}.fusion-builder-column-2 > .fusion-column-wrapper {margin-right : 1.455%;margin-left : 1.455%;}}@media only screen and (max-width:740px) {.fusion-body .fusion-builder-column-2{width:100% !important;order : 0;}.fusion-builder-column-2 > .fusion-column-wrapper {margin-right : 1.455%;margin-left : 1.455%;}}<\/style><\/div><style type=\"text\/css\">.fusion-body .fusion-flex-container.fusion-builder-row-1-1{ padding-top : 0px;margin-top : 0;padding-right : 0px;padding-bottom : 0px;margin-bottom : 0;padding-left : 0px;}<\/style><\/div><input type=\"hidden\" name=\"fusion_privacy_store_ip_ua\" value=\"false\"><input type=\"hidden\" name=\"fusion_privacy_expiration_interval\" value=\"48\"><input type=\"hidden\" name=\"privacy_expiration_action\" value=\"anonymize\"><\/form><\/div><script>var formCreatorConfig_1771 = {\"form_id\":\"1771\",\"form_post_id\":\"1771\",\"post_id\":15,\"form_type\":\"database\",\"confirmation_type\":\"\",\"redirect_url\":\"\",\"field_labels\":{\"name\":\"Votre nom :\",\"email_address\":\"E-mail\",\"subject\":\"Sujet :\",\"message\":\"Message :\"}};<\/script><\/div><\/div><style type=\"text\/css\">.fusion-body .fusion-builder-column-1{width:66.666666666667% !important;margin-top : 0px;margin-bottom : 20px;}.fusion-builder-column-1 > .fusion-column-wrapper {padding-top : 0px !important;padding-right : 0px !important;margin-right : 3.5625%;padding-bottom : 0px !important;padding-left : 0px !important;margin-left : 11.4%;}@media only screen and (max-width:1024px) {.fusion-body .fusion-builder-column-1{width:100% !important;}.fusion-builder-column-1 > .fusion-column-wrapper {margin-right : 2.375%;margin-left : 2.375%;}}@media only screen and (max-width:740px) {.fusion-body .fusion-builder-column-1{width:100% !important;}.fusion-builder-column-1 > .fusion-column-wrapper {margin-right : 2.375%;margin-left : 2.375%;}}<\/style><div class=\"fusion-layout-column fusion_builder_column fusion-builder-column-3 fusion_builder_column_1_1 1_1 fusion-flex-column\"><div class=\"fusion-column-wrapper fusion-flex-justify-content-flex-start fusion-content-layout-column\" style=\"background-position:left top;background-repeat:no-repeat;-webkit-background-size:cover;-moz-background-size:cover;-o-background-size:cover;background-size:cover;padding: 0px 0px 0px 0px;\"><div class=\"fusion-separator fusion-full-width-sep\" style=\"align-self: center;margin-left: auto;margin-right: auto;margin-top:40px;margin-bottom:40px;width:100%;\"><\/div><\/div><\/div><style type=\"text\/css\">.fusion-body .fusion-builder-column-3{width:100% !important;margin-top : 0px;margin-bottom : 20px;}.fusion-builder-column-3 > .fusion-column-wrapper {padding-top : 0px !important;padding-right : 0px !important;margin-right : 2.375%;padding-bottom : 0px !important;padding-left : 0px !important;margin-left : 2.375%;}@media only screen and (max-width:1024px) {.fusion-body .fusion-builder-column-3{width:100% !important;order : 0;}.fusion-builder-column-3 > .fusion-column-wrapper {margin-right : 2.375%;margin-left : 2.375%;}}@media only screen and (max-width:740px) {.fusion-body .fusion-builder-column-3{width:100% !important;order : 0;}.fusion-builder-column-3 > .fusion-column-wrapper {margin-right : 2.375%;margin-left : 2.375%;}}<\/style><\/div><style type=\"text\/css\">.fusion-fullwidth.fusion-builder-row-1 a:not(.fusion-button):not(.fusion-builder-module-control):not(.fusion-social-network-icon):not(.fb-icon-element):not(.fusion-countdown-link):not(.fusion-rollover-link):not(.fusion-rollover-gallery):not(.fusion-button-bar):not(.add_to_cart_button):not(.show_details_button):not(.product_type_external):not(.fusion-view-cart):not(.fusion-quick-view):not(.fusion-rollover-title-link):not(.fusion-breadcrumb-link):hover, .fusion-fullwidth.fusion-builder-row-1 a:not(.fusion-button):not(.fusion-builder-module-control):not(.fusion-social-network-icon):not(.fb-icon-element):not(.fusion-countdown-link):not(.fusion-rollover-link):not(.fusion-rollover-gallery):not(.fusion-button-bar):not(.add_to_cart_button):not(.show_details_button):not(.product_type_external):not(.fusion-view-cart):not(.fusion-quick-view):not(.fusion-rollover-title-link):not(.fusion-breadcrumb-link):hover:before, .fusion-fullwidth.fusion-builder-row-1 a:not(.fusion-button):not(.fusion-builder-module-control):not(.fusion-social-network-icon):not(.fb-icon-element):not(.fusion-countdown-link):not(.fusion-rollover-link):not(.fusion-rollover-gallery):not(.fusion-button-bar):not(.add_to_cart_button):not(.show_details_button):not(.product_type_external):not(.fusion-view-cart):not(.fusion-quick-view):not(.fusion-rollover-title-link):not(.fusion-breadcrumb-link):hover:after {color: #00b4d8;}.fusion-fullwidth.fusion-builder-row-1 .pagination a.inactive:hover, .fusion-fullwidth.fusion-builder-row-1 .fusion-filters .fusion-filter.fusion-active a {border-color: #00b4d8;}.fusion-fullwidth.fusion-builder-row-1 .pagination .current {border-color: #00b4d8; background-color: #00b4d8;}.fusion-fullwidth.fusion-builder-row-1 .fusion-filters .fusion-filter.fusion-active a, .fusion-fullwidth.fusion-builder-row-1 .fusion-date-and-formats .fusion-format-box, .fusion-fullwidth.fusion-builder-row-1 .fusion-popover, .fusion-fullwidth.fusion-builder-row-1 .tooltip-shortcode {color: #00b4d8;}#wrapper .fusion-fullwidth.fusion-builder-row-1 .fusion-widget-area .fusion-vertical-menu-widget .menu li.current_page_ancestor > a, #wrapper .fusion-fullwidth.fusion-builder-row-1 .fusion-widget-area .fusion-vertical-menu-widget .menu li.current_page_ancestor > a:before, #wrapper .fusion-fullwidth.fusion-builder-row-1 .fusion-widget-area .fusion-vertical-menu-widget .current-menu-item > a, #wrapper .fusion-fullwidth.fusion-builder-row-1 .fusion-widget-area .fusion-vertical-menu-widget .current-menu-item > a:before, #wrapper .fusion-fullwidth.fusion-builder-row-1 .fusion-widget-area .fusion-vertical-menu-widget .current_page_item > a, #wrapper .fusion-fullwidth.fusion-builder-row-1 .fusion-widget-area .fusion-vertical-menu-widget .current_page_item > a:before {color: #00b4d8;}#wrapper .fusion-fullwidth.fusion-builder-row-1 .fusion-widget-area .widget_nav_menu .menu li.current_page_ancestor > a, #wrapper .fusion-fullwidth.fusion-builder-row-1 .fusion-widget-area .widget_nav_menu .menu li.current_page_ancestor > a:before, #wrapper .fusion-fullwidth.fusion-builder-row-1 .fusion-widget-area .widget_nav_menu .current-menu-item > a, #wrapper .fusion-fullwidth.fusion-builder-row-1 .fusion-widget-area .widget_nav_menu .current-menu-item > a:before, #wrapper .fusion-fullwidth.fusion-builder-row-1 .fusion-widget-area .widget_nav_menu .current_page_item > a, #wrapper .fusion-fullwidth.fusion-builder-row-1 .fusion-widget-area .widget_nav_menu .current_page_item > a:before {color: #00b4d8;}#wrapper .fusion-fullwidth.fusion-builder-row-1 .fusion-vertical-menu-widget .menu li.current_page_item > a { border-right-color:#00b4d8;border-left-color:#00b4d8;}#wrapper .fusion-fullwidth.fusion-builder-row-1 .fusion-widget-area .tagcloud a:hover { color: #fff; background-color: #00b4d8;border-color: #00b4d8;}#main .fusion-fullwidth.fusion-builder-row-1 .post .blog-shortcode-post-title a:hover {color: #00b4d8;}.fusion-body .fusion-flex-container.fusion-builder-row-1{ padding-top : 0px;margin-top : 0px;padding-right : 0px;padding-bottom : 0px;margin-bottom : 0px;padding-left : 0px;}<\/style><\/div>\n","protected":false},"excerpt":{"rendered":"","protected":false},"author":1,"featured_media":0,"parent":0,"menu_order":0,"comment_status":"closed","ping_status":"closed","template":"100-width.php","meta":{"spay_email":""},"yoast_head":"<!-- This site is optimized with the Yoast SEO plugin v18.4.1 - https:\/\/yoast.com\/wordpress\/plugins\/seo\/ -->\n<title>Contact - Sport Nutrition Bien-\u00eatre<\/title>\n<meta name=\"robots\" content=\"index, follow, max-snippet:-1, max-image-preview:large, max-video-preview:-1\" \/>\n<link rel=\"canonical\" href=\"https:\/\/sand1.aureliencharron.ovh\/index.php\/contact\/\" \/>\n<meta property=\"og:locale\" content=\"fr_FR\" \/>\n<meta property=\"og:type\" content=\"article\" \/>\n<meta property=\"og:title\" content=\"Contact - Sport Nutrition Bien-\u00eatre\" \/>\n<meta property=\"og:url\" content=\"https:\/\/sand1.aureliencharron.ovh\/index.php\/contact\/\" \/>\n<meta property=\"og:site_name\" content=\"Sport Nutrition Bien-\u00eatre\" \/>\n<meta property=\"article:modified_time\" content=\"2021-02-06T17:14:15+00:00\" \/>\n<meta name=\"twitter:card\" content=\"summary_large_image\" \/>\n<meta name=\"twitter:label1\" content=\"Dur\u00e9e de lecture estim\u00e9e\" \/>\n\t<meta name=\"twitter:data1\" content=\"5 minutes\" \/>\n<script type=\"application\/ld+json\" class=\"yoast-schema-graph\">{\"@context\":\"https:\/\/schema.org\",\"@graph\":[{\"@type\":\"WebSite\",\"@id\":\"https:\/\/sand1.aureliencharron.ovh\/#website\",\"url\":\"https:\/\/sand1.aureliencharron.ovh\/\",\"name\":\"Sport Nutrition Bien-\u00eatre\",\"description\":\"Sport Nutrition Bien-\u00eatre\",\"potentialAction\":[{\"@type\":\"SearchAction\",\"target\":{\"@type\":\"EntryPoint\",\"urlTemplate\":\"https:\/\/sand1.aureliencharron.ovh\/?s={search_term_string}\"},\"query-input\":\"required name=search_term_string\"}],\"inLanguage\":\"fr-FR\"},{\"@type\":\"WebPage\",\"@id\":\"https:\/\/sand1.aureliencharron.ovh\/index.php\/contact\/#webpage\",\"url\":\"https:\/\/sand1.aureliencharron.ovh\/index.php\/contact\/\",\"name\":\"Contact - Sport Nutrition Bien-\u00eatre\",\"isPartOf\":{\"@id\":\"https:\/\/sand1.aureliencharron.ovh\/#website\"},\"datePublished\":\"2020-07-24T18:15:07+00:00\",\"dateModified\":\"2021-02-06T17:14:15+00:00\",\"breadcrumb\":{\"@id\":\"https:\/\/sand1.aureliencharron.ovh\/index.php\/contact\/#breadcrumb\"},\"inLanguage\":\"fr-FR\",\"potentialAction\":[{\"@type\":\"ReadAction\",\"target\":[\"https:\/\/sand1.aureliencharron.ovh\/index.php\/contact\/\"]}]},{\"@type\":\"BreadcrumbList\",\"@id\":\"https:\/\/sand1.aureliencharron.ovh\/index.php\/contact\/#breadcrumb\",\"itemListElement\":[{\"@type\":\"ListItem\",\"position\":1,\"name\":\"Home\",\"item\":\"https:\/\/sand1.aureliencharron.ovh\/\"},{\"@type\":\"ListItem\",\"position\":2,\"name\":\"Contact\"}]}]}<\/script>\n<!-- \/ Yoast SEO plugin. -->","yoast_head_json":{"title":"Contact - Sport Nutrition Bien-\u00eatre","robots":{"index":"index","follow":"follow","max-snippet":"max-snippet:-1","max-image-preview":"max-image-preview:large","max-video-preview":"max-video-preview:-1"},"canonical":"https:\/\/sand1.aureliencharron.ovh\/index.php\/contact\/","og_locale":"fr_FR","og_type":"article","og_title":"Contact - Sport Nutrition Bien-\u00eatre","og_url":"https:\/\/sand1.aureliencharron.ovh\/index.php\/contact\/","og_site_name":"Sport Nutrition Bien-\u00eatre","article_modified_time":"2021-02-06T17:14:15+00:00","twitter_card":"summary_large_image","twitter_misc":{"Dur\u00e9e de lecture estim\u00e9e":"5 minutes"},"schema":{"@context":"https:\/\/schema.org","@graph":[{"@type":"WebSite","@id":"https:\/\/sand1.aureliencharron.ovh\/#website","url":"https:\/\/sand1.aureliencharron.ovh\/","name":"Sport Nutrition Bien-\u00eatre","description":"Sport Nutrition Bien-\u00eatre","potentialAction":[{"@type":"SearchAction","target":{"@type":"EntryPoint","urlTemplate":"https:\/\/sand1.aureliencharron.ovh\/?s={search_term_string}"},"query-input":"required name=search_term_string"}],"inLanguage":"fr-FR"},{"@type":"WebPage","@id":"https:\/\/sand1.aureliencharron.ovh\/index.php\/contact\/#webpage","url":"https:\/\/sand1.aureliencharron.ovh\/index.php\/contact\/","name":"Contact - Sport Nutrition Bien-\u00eatre","isPartOf":{"@id":"https:\/\/sand1.aureliencharron.ovh\/#website"},"datePublished":"2020-07-24T18:15:07+00:00","dateModified":"2021-02-06T17:14:15+00:00","breadcrumb":{"@id":"https:\/\/sand1.aureliencharron.ovh\/index.php\/contact\/#breadcrumb"},"inLanguage":"fr-FR","potentialAction":[{"@type":"ReadAction","target":["https:\/\/sand1.aureliencharron.ovh\/index.php\/contact\/"]}]},{"@type":"BreadcrumbList","@id":"https:\/\/sand1.aureliencharron.ovh\/index.php\/contact\/#breadcrumb","itemListElement":[{"@type":"ListItem","position":1,"name":"Home","item":"https:\/\/sand1.aureliencharron.ovh\/"},{"@type":"ListItem","position":2,"name":"Contact"}]}]}},"_links":{"self":[{"href":"https:\/\/sand1.aureliencharron.ovh\/index.php\/wp-json\/wp\/v2\/pages\/15"}],"collection":[{"href":"https:\/\/sand1.aureliencharron.ovh\/index.php\/wp-json\/wp\/v2\/pages"}],"about":[{"href":"https:\/\/sand1.aureliencharron.ovh\/index.php\/wp-json\/wp\/v2\/types\/page"}],"author":[{"embeddable":true,"href":"https:\/\/sand1.aureliencharron.ovh\/index.php\/wp-json\/wp\/v2\/users\/1"}],"replies":[{"embeddable":true,"href":"https:\/\/sand1.aureliencharron.ovh\/index.php\/wp-json\/wp\/v2\/comments?post=15"}],"version-history":[{"count":10,"href":"https:\/\/sand1.aureliencharron.ovh\/index.php\/wp-json\/wp\/v2\/pages\/15\/revisions"}],"predecessor-version":[{"id":2193,"href":"https:\/\/sand1.aureliencharron.ovh\/index.php\/wp-json\/wp\/v2\/pages\/15\/revisions\/2193"}],"wp:attachment":[{"href":"https:\/\/sand1.aureliencharron.ovh\/index.php\/wp-json\/wp\/v2\/media?parent=15"}],"curies":[{"name":"wp","href":"https:\/\/api.w.org\/{rel}","templated":true}]}}