{"id":512,"date":"2020-07-29T15:45:17","date_gmt":"2020-07-29T15:45:17","guid":{"rendered":"https:\/\/sand1.aureliencharron.ovh\/cart\/"},"modified":"2021-01-27T18:12:15","modified_gmt":"2021-01-27T18:12:15","slug":"rendezvous","status":"publish","type":"page","link":"https:\/\/sand1.aureliencharron.ovh\/index.php\/rendezvous\/","title":{"rendered":"Rendez-vous"},"content":{"rendered":"<div class=\"fusion-fullwidth fullwidth-box fusion-builder-row-1 fusion-flex-container nonhundred-percent-fullwidth non-hundred-percent-height-scrolling\" style=\"background-color: rgba(255,255,255,0);background-position: center center;background-repeat: no-repeat;border-width: 0px 0px 0px 0px;border-color:#e2e2e2;border-style:solid;\" ><div class=\"fusion-builder-row fusion-row fusion-flex-align-items-flex-start\" style=\"max-width:calc( 1375px + 0px );margin-left: calc(-0px \/ 2 );margin-right: calc(-0px \/ 2 );\"><div class=\"fusion-layout-column fusion_builder_column fusion-builder-column-0 fusion_builder_column_1_1 1_1 fusion-flex-column\"><div class=\"fusion-column-wrapper fusion-flex-justify-content-flex-start fusion-content-layout-column\" style=\"background-position:left top;background-repeat:no-repeat;-webkit-background-size:cover;-moz-background-size:cover;-o-background-size:cover;background-size:cover;background-color:#f0f9f7;padding: 0px 0px 0px 0px;\"><div class=\"fusion-text fusion-text-1\" style=\"transform:translate3d(0,0,0);\"><p><!-- D\u00e9but de widget en ligne Calendly --><\/p>\n<div class=\"calendly-inline-widget\" style=\"min-width: 320px; height: 630px;\" data-url=\"https:\/\/calendly.com\/amelie-corbeau08\/45min\"><\/div>\n<p><script type=\"text\/javascript\" src=\"https:\/\/assets.calendly.com\/assets\/external\/widget.js\"><\/script><br \/>\n<!-- Fin de widget en ligne Calendly --><\/p>\n<\/div><\/div><\/div><style type=\"text\/css\">.fusion-body .fusion-builder-column-0{width:100% !important;margin-top : -30px;margin-bottom : 0px;}.fusion-builder-column-0 > .fusion-column-wrapper {padding-top : 0px !important;padding-right : 0px !important;margin-right : 0px;padding-bottom : 0px !important;padding-left : 0px !important;margin-left : 0px;}@media only screen and (max-width:1024px) {.fusion-body .fusion-builder-column-0{width:100% !important;}.fusion-builder-column-0 > .fusion-column-wrapper {margin-right : 0px;margin-left : 0px;}}@media only screen and (max-width:740px) {.fusion-body .fusion-builder-column-0{width:100% !important;}.fusion-builder-column-0 > .fusion-column-wrapper {margin-right : 0px;margin-left : 0px;}}<\/style><\/div><style type=\"text\/css\">.fusion-body .fusion-flex-container.fusion-builder-row-1{ padding-top : 0px;margin-top : 0px;padding-right : 0px;padding-bottom : 0px;margin-bottom : 0px;padding-left : 0px;}<\/style><\/div>\n","protected":false},"excerpt":{"rendered":"","protected":false},"author":1,"featured_media":0,"parent":0,"menu_order":0,"comment_status":"closed","ping_status":"closed","template":"","meta":{"spay_email":""},"yoast_head":"<!-- This site is optimized with the Yoast SEO plugin v18.4.1 - https:\/\/yoast.com\/wordpress\/plugins\/seo\/ -->\n<title>Rendez-vous - Sport Nutrition Bien-\u00eatre<\/title>\n<meta name=\"robots\" content=\"index, follow, max-snippet:-1, max-image-preview:large, max-video-preview:-1\" \/>\n<link rel=\"canonical\" href=\"https:\/\/sand1.aureliencharron.ovh\/index.php\/rendezvous\/\" \/>\n<meta property=\"og:locale\" content=\"fr_FR\" \/>\n<meta property=\"og:type\" content=\"article\" \/>\n<meta property=\"og:title\" content=\"Rendez-vous - Sport Nutrition Bien-\u00eatre\" \/>\n<meta property=\"og:url\" content=\"https:\/\/sand1.aureliencharron.ovh\/index.php\/rendezvous\/\" \/>\n<meta property=\"og:site_name\" content=\"Sport Nutrition Bien-\u00eatre\" \/>\n<meta property=\"article:modified_time\" content=\"2021-01-27T18:12:15+00:00\" \/>\n<meta name=\"twitter:card\" content=\"summary_large_image\" \/>\n<meta name=\"twitter:label1\" content=\"Dur\u00e9e de lecture estim\u00e9e\" \/>\n\t<meta name=\"twitter:data1\" content=\"1 minute\" \/>\n<script type=\"application\/ld+json\" class=\"yoast-schema-graph\">{\"@context\":\"https:\/\/schema.org\",\"@graph\":[{\"@type\":\"WebSite\",\"@id\":\"https:\/\/sand1.aureliencharron.ovh\/#website\",\"url\":\"https:\/\/sand1.aureliencharron.ovh\/\",\"name\":\"Sport Nutrition Bien-\u00eatre\",\"description\":\"Sport Nutrition Bien-\u00eatre\",\"potentialAction\":[{\"@type\":\"SearchAction\",\"target\":{\"@type\":\"EntryPoint\",\"urlTemplate\":\"https:\/\/sand1.aureliencharron.ovh\/?s={search_term_string}\"},\"query-input\":\"required name=search_term_string\"}],\"inLanguage\":\"fr-FR\"},{\"@type\":\"WebPage\",\"@id\":\"https:\/\/sand1.aureliencharron.ovh\/index.php\/rendezvous\/#webpage\",\"url\":\"https:\/\/sand1.aureliencharron.ovh\/index.php\/rendezvous\/\",\"name\":\"Rendez-vous - Sport Nutrition Bien-\u00eatre\",\"isPartOf\":{\"@id\":\"https:\/\/sand1.aureliencharron.ovh\/#website\"},\"datePublished\":\"2020-07-29T15:45:17+00:00\",\"dateModified\":\"2021-01-27T18:12:15+00:00\",\"breadcrumb\":{\"@id\":\"https:\/\/sand1.aureliencharron.ovh\/index.php\/rendezvous\/#breadcrumb\"},\"inLanguage\":\"fr-FR\",\"potentialAction\":[{\"@type\":\"ReadAction\",\"target\":[\"https:\/\/sand1.aureliencharron.ovh\/index.php\/rendezvous\/\"]}]},{\"@type\":\"BreadcrumbList\",\"@id\":\"https:\/\/sand1.aureliencharron.ovh\/index.php\/rendezvous\/#breadcrumb\",\"itemListElement\":[{\"@type\":\"ListItem\",\"position\":1,\"name\":\"Home\",\"item\":\"https:\/\/sand1.aureliencharron.ovh\/\"},{\"@type\":\"ListItem\",\"position\":2,\"name\":\"Rendez-vous\"}]}]}<\/script>\n<!-- \/ Yoast SEO plugin. -->","yoast_head_json":{"title":"Rendez-vous - Sport Nutrition Bien-\u00eatre","robots":{"index":"index","follow":"follow","max-snippet":"max-snippet:-1","max-image-preview":"max-image-preview:large","max-video-preview":"max-video-preview:-1"},"canonical":"https:\/\/sand1.aureliencharron.ovh\/index.php\/rendezvous\/","og_locale":"fr_FR","og_type":"article","og_title":"Rendez-vous - Sport Nutrition Bien-\u00eatre","og_url":"https:\/\/sand1.aureliencharron.ovh\/index.php\/rendezvous\/","og_site_name":"Sport Nutrition Bien-\u00eatre","article_modified_time":"2021-01-27T18:12:15+00:00","twitter_card":"summary_large_image","twitter_misc":{"Dur\u00e9e de lecture estim\u00e9e":"1 minute"},"schema":{"@context":"https:\/\/schema.org","@graph":[{"@type":"WebSite","@id":"https:\/\/sand1.aureliencharron.ovh\/#website","url":"https:\/\/sand1.aureliencharron.ovh\/","name":"Sport Nutrition Bien-\u00eatre","description":"Sport Nutrition Bien-\u00eatre","potentialAction":[{"@type":"SearchAction","target":{"@type":"EntryPoint","urlTemplate":"https:\/\/sand1.aureliencharron.ovh\/?s={search_term_string}"},"query-input":"required name=search_term_string"}],"inLanguage":"fr-FR"},{"@type":"WebPage","@id":"https:\/\/sand1.aureliencharron.ovh\/index.php\/rendezvous\/#webpage","url":"https:\/\/sand1.aureliencharron.ovh\/index.php\/rendezvous\/","name":"Rendez-vous - Sport Nutrition Bien-\u00eatre","isPartOf":{"@id":"https:\/\/sand1.aureliencharron.ovh\/#website"},"datePublished":"2020-07-29T15:45:17+00:00","dateModified":"2021-01-27T18:12:15+00:00","breadcrumb":{"@id":"https:\/\/sand1.aureliencharron.ovh\/index.php\/rendezvous\/#breadcrumb"},"inLanguage":"fr-FR","potentialAction":[{"@type":"ReadAction","target":["https:\/\/sand1.aureliencharron.ovh\/index.php\/rendezvous\/"]}]},{"@type":"BreadcrumbList","@id":"https:\/\/sand1.aureliencharron.ovh\/index.php\/rendezvous\/#breadcrumb","itemListElement":[{"@type":"ListItem","position":1,"name":"Home","item":"https:\/\/sand1.aureliencharron.ovh\/"},{"@type":"ListItem","position":2,"name":"Rendez-vous"}]}]}},"_links":{"self":[{"href":"https:\/\/sand1.aureliencharron.ovh\/index.php\/wp-json\/wp\/v2\/pages\/512"}],"collection":[{"href":"https:\/\/sand1.aureliencharron.ovh\/index.php\/wp-json\/wp\/v2\/pages"}],"about":[{"href":"https:\/\/sand1.aureliencharron.ovh\/index.php\/wp-json\/wp\/v2\/types\/page"}],"author":[{"embeddable":true,"href":"https:\/\/sand1.aureliencharron.ovh\/index.php\/wp-json\/wp\/v2\/users\/1"}],"replies":[{"embeddable":true,"href":"https:\/\/sand1.aureliencharron.ovh\/index.php\/wp-json\/wp\/v2\/comments?post=512"}],"version-history":[{"count":21,"href":"https:\/\/sand1.aureliencharron.ovh\/index.php\/wp-json\/wp\/v2\/pages\/512\/revisions"}],"predecessor-version":[{"id":2146,"href":"https:\/\/sand1.aureliencharron.ovh\/index.php\/wp-json\/wp\/v2\/pages\/512\/revisions\/2146"}],"wp:attachment":[{"href":"https:\/\/sand1.aureliencharron.ovh\/index.php\/wp-json\/wp\/v2\/media?parent=512"}],"curies":[{"name":"wp","href":"https:\/\/api.w.org\/{rel}","templated":true}]}}